{"id":1090,"date":"2025-03-21T16:03:26","date_gmt":"2025-03-21T21:03:26","guid":{"rendered":"https:\/\/trazabilidad.agricultura.gob.ec\/?page_id=1090"},"modified":"2025-03-23T23:48:25","modified_gmt":"2025-03-24T04:48:25","slug":"ecuador","status":"publish","type":"page","link":"https:\/\/trazabilidad.agricultura.gob.ec\/?page_id=1090","title":{"rendered":"Ecuador"},"content":{"rendered":"\n<div class=\"wp-block-media-text alignwide is-stacked-on-mobile is-vertically-aligned-center has-tertiary-background-color has-background\" style=\"grid-template-columns:42% auto\"><figure class=\"wp-block-media-text__media\"><img loading=\"lazy\" decoding=\"async\" width=\"1024\" height=\"596\" src=\"https:\/\/trazabilidad.agricultura.gob.ec\/wp-content\/uploads\/2024\/09\/GUIA-1024x596.png\" alt=\"\" class=\"wp-image-960 size-full\" srcset=\"https:\/\/trazabilidad.agricultura.gob.ec\/wp-content\/uploads\/2024\/09\/GUIA-1024x596.png 1024w, https:\/\/trazabilidad.agricultura.gob.ec\/wp-content\/uploads\/2024\/09\/GUIA-300x175.png 300w, https:\/\/trazabilidad.agricultura.gob.ec\/wp-content\/uploads\/2024\/09\/GUIA-768x447.png 768w, https:\/\/trazabilidad.agricultura.gob.ec\/wp-content\/uploads\/2024\/09\/GUIA-1536x894.png 1536w, https:\/\/trazabilidad.agricultura.gob.ec\/wp-content\/uploads\/2024\/09\/GUIA-2048x1192.png 2048w\" sizes=\"auto, (max-width: 1024px) 100vw, 1024px\" \/><\/figure><div class=\"wp-block-media-text__content\">\n<h2 class=\"wp-block-heading has-text-color\" style=\"color:#000000;font-size:20px\"><strong><strong>Agricultura Familiar Campesina<\/strong><\/strong><span style=\"font-size: medium; white-space-collapse: collapse;\"><\/span><\/h2>\n\n\n\n<p class=\"has-text-color\" style=\"color:#000000;font-size:15px\">La Agricultura Familiar Campesina es una modalidad productiva, agropecuaria, de recolecci\u00f3n, acu\u00edcola, forestal o silv\u00edcola, que implica una forma de vida y una realidad cultural, que combina funciones econ\u00f3micas, ambientales, sociales y culturales.&nbsp; <\/p>\n\n\n\n<div class=\"wp-block-buttons is-content-justification-left is-layout-flex wp-container-core-buttons-is-layout-8ec70938 wp-block-buttons-is-layout-flex\" style=\"margin-top:0;margin-bottom:0\">\n<div class=\"wp-block-button has-custom-width wp-block-button__width-50 has-custom-font-size is-style-fill\" style=\"font-size:0.9rem\"><a class=\"wp-block-button__link has-luminous-vivid-orange-background-color has-background wp-element-button\" href=\"https:\/\/trazabilidad.agricultura.gob.ec\/?p=1214\" style=\"border-style:none;border-width:0px;border-radius:0px;padding-top:var(--wp--preset--spacing--20);padding-right:0;padding-bottom:var(--wp--preset--spacing--20);padding-left:0\"><strong>Ver m\u00e1s<\/strong><\/a><\/div>\n<\/div>\n<\/div><\/div>\n\n\n\n<div class=\"wp-block-media-text alignwide is-stacked-on-mobile is-vertically-aligned-center has-tertiary-background-color has-background\" style=\"grid-template-columns:42% auto\"><figure class=\"wp-block-media-text__media\"><img loading=\"lazy\" decoding=\"async\" width=\"1024\" height=\"596\" src=\"https:\/\/trazabilidad.agricultura.gob.ec\/wp-content\/uploads\/2025\/03\/iGENES-TRAZA-WEB-02-1024x596.png\" alt=\"\" class=\"wp-image-1292 size-full\" srcset=\"https:\/\/trazabilidad.agricultura.gob.ec\/wp-content\/uploads\/2025\/03\/iGENES-TRAZA-WEB-02-1024x596.png 1024w, https:\/\/trazabilidad.agricultura.gob.ec\/wp-content\/uploads\/2025\/03\/iGENES-TRAZA-WEB-02-300x175.png 300w, https:\/\/trazabilidad.agricultura.gob.ec\/wp-content\/uploads\/2025\/03\/iGENES-TRAZA-WEB-02-768x447.png 768w, https:\/\/trazabilidad.agricultura.gob.ec\/wp-content\/uploads\/2025\/03\/iGENES-TRAZA-WEB-02-1536x894.png 1536w, https:\/\/trazabilidad.agricultura.gob.ec\/wp-content\/uploads\/2025\/03\/iGENES-TRAZA-WEB-02-2048x1192.png 2048w\" sizes=\"auto, (max-width: 1024px) 100vw, 1024px\" \/><\/figure><div class=\"wp-block-media-text__content\">\n<h2 class=\"wp-block-heading has-text-color\" style=\"color:#000000;font-size:20px\"><strong><strong>Producci\u00f3n org\u00e1nica<\/strong><\/strong><span style=\"font-size: medium; white-space-collapse: collapse;\"><\/span><\/h2>\n\n\n\n<p class=\"has-text-color\" style=\"color:#000000;font-size:15px\">La producci\u00f3n org\u00e1nica es un sistema de producci\u00f3n agropecuaria regulado por AGROCALIDAD, basado en pr\u00e1cticas que:<\/p>\n\n\n\n<p class=\"has-text-color\" style=\"color:#000000;font-size:15px\"><\/p>\n\n\n\n<div class=\"wp-block-buttons is-layout-flex wp-block-buttons-is-layout-flex\">\n<div class=\"wp-block-button has-custom-width wp-block-button__width-50 has-custom-font-size is-style-fill\" style=\"font-size:0.9rem\"><a class=\"wp-block-button__link has-luminous-vivid-amber-background-color has-background wp-element-button\" href=\"https:\/\/trazabilidad.agricultura.gob.ec\/?p=1242\" style=\"padding-top:var(--wp--preset--spacing--20);padding-right:0;padding-bottom:var(--wp--preset--spacing--20);padding-left:0\"><strong>Ver m\u00e1s<\/strong><\/a><\/div>\n<\/div>\n<\/div><\/div>\n\n\n\n<div class=\"wp-block-media-text alignwide is-stacked-on-mobile is-vertically-aligned-center has-tertiary-background-color has-background\" style=\"grid-template-columns:42% auto\"><figure class=\"wp-block-media-text__media\"><img loading=\"lazy\" decoding=\"async\" width=\"1024\" height=\"596\" src=\"https:\/\/trazabilidad.agricultura.gob.ec\/wp-content\/uploads\/2025\/03\/iGENES-TRAZA-WEB-03-1024x596.png\" alt=\"\" class=\"wp-image-1291 size-full\" srcset=\"https:\/\/trazabilidad.agricultura.gob.ec\/wp-content\/uploads\/2025\/03\/iGENES-TRAZA-WEB-03-1024x596.png 1024w, https:\/\/trazabilidad.agricultura.gob.ec\/wp-content\/uploads\/2025\/03\/iGENES-TRAZA-WEB-03-300x175.png 300w, https:\/\/trazabilidad.agricultura.gob.ec\/wp-content\/uploads\/2025\/03\/iGENES-TRAZA-WEB-03-768x447.png 768w, https:\/\/trazabilidad.agricultura.gob.ec\/wp-content\/uploads\/2025\/03\/iGENES-TRAZA-WEB-03-1536x894.png 1536w, https:\/\/trazabilidad.agricultura.gob.ec\/wp-content\/uploads\/2025\/03\/iGENES-TRAZA-WEB-03-2048x1192.png 2048w\" sizes=\"auto, (max-width: 1024px) 100vw, 1024px\" \/><\/figure><div class=\"wp-block-media-text__content\">\n<h2 class=\"wp-block-heading has-text-color\" style=\"color:#000000;font-size:20px\"><strong><strong><strong>Producci\u00f3n agroforestal y silvopastoril<\/strong><\/strong><\/strong><span style=\"font-size: medium; white-space-collapse: collapse;\"><\/span><\/h2>\n\n\n\n<p class=\"has-text-color\" style=\"color:#000000;font-size:15px\">La producci\u00f3n agroforestal combina el cultivo de especies agr\u00edcolas con \u00e1rboles forestales, generando beneficios ecol\u00f3gicos y econ\u00f3micos. <\/p>\n\n\n\n<p class=\"has-text-color\" style=\"color:#000000;font-size:15px\"><\/p>\n\n\n\n<div class=\"wp-block-buttons is-content-justification-left is-layout-flex wp-container-core-buttons-is-layout-8ec70938 wp-block-buttons-is-layout-flex\" style=\"margin-top:0;margin-bottom:0\">\n<div class=\"wp-block-button has-custom-width wp-block-button__width-50 has-custom-font-size is-style-fill\" style=\"font-size:0.9rem\"><a class=\"wp-block-button__link has-luminous-vivid-orange-background-color has-background wp-element-button\" href=\"https:\/\/trazabilidad.agricultura.gob.ec\/?p=1244\" style=\"border-style:none;border-width:0px;border-radius:0px;padding-top:var(--wp--preset--spacing--20);padding-right:0;padding-bottom:var(--wp--preset--spacing--20);padding-left:0\"><strong>Ver m\u00e1s<\/strong><\/a><\/div>\n<\/div>\n<\/div><\/div>\n\n\n\n<div class=\"wp-block-columns alignwide is-layout-flex wp-container-core-columns-is-layout-28f84493 wp-block-columns-is-layout-flex\">\n<div class=\"wp-block-column is-layout-flow wp-block-column-is-layout-flow\">\n<script type=\"text\/javascript\">\njQuery(document).ready(function() {\n\tjQuery(function(){\n\t\tjQuery('.sf-8-1').infiniteslide({\n\t\t\t'responsive': true\t\t});\n\t});\n\n\tjQuery('.scroll_item').on('mouseenter',function(){\n\t\tjQuery(this).find('.descdiv').css({\n\t\t\topacity:1\n\t\t});\n\t\t}).on('mouseleave',function(){\n\t\tjQuery(this).find('.descdiv').css({\n\t\t\topacity:0\n\t\t});\n\t});\n});\n<\/script>\n<div class=\"infiniteslide sf-8-1\">\n\t\t\t\t\t\t<div class=\"scroll_item sf_8_margin-1\">\n\t\t\t\t\t\t\t\t\t\t<div class=\"sf-8-content descdiv\">\n\t\t\t\t\t\t\t\t\t\t\t\t<div class=\"sf-8-title\">\n\t\t\t\t\t\t\tCacao\t\t\t\t\t\t<\/div>\n\t\t\t\t\t\t\t\t\t\t\t\t\n\t\t\t\t\t\t\t\t\t\t\t<\/div>\n\t\t\t\t\t\t\t\t\t\t<div>\n\t\t\t\t\t\t<img decoding=\"async\" class=\"sf_8_img-1\" src=\"https:\/\/trazabilidad.agricultura.gob.ec\/wp-content\/uploads\/2024\/07\/cacao_restored.jpeg\" alt=\"\">\n\t\t\t\t\t<\/div>\n\t\t\t\t<\/div>\n\t\t\t\t\t\t\t\t<div class=\"scroll_item sf_8_margin-1\">\n\t\t\t\t\t\t\t\t\t\t<div class=\"sf-8-content descdiv\">\n\t\t\t\t\t\t\t\t\t\t\t\t<div class=\"sf-8-title\">\n\t\t\t\t\t\t\tCaf\u00e9\t\t\t\t\t\t<\/div>\n\t\t\t\t\t\t\t\t\t\t\t\t\n\t\t\t\t\t\t\t\t\t\t\t<\/div>\n\t\t\t\t\t\t\t\t\t\t<div>\n\t\t\t\t\t\t<img decoding=\"async\" class=\"sf_8_img-1\" src=\"https:\/\/trazabilidad.agricultura.gob.ec\/wp-content\/uploads\/2024\/07\/coffee-6632524-scaled.jpg\" alt=\"\">\n\t\t\t\t\t<\/div>\n\t\t\t\t<\/div>\n\t\t\t\t\t\t\t\t<div class=\"scroll_item sf_8_margin-1\">\n\t\t\t\t\t\t\t\t\t\t<div class=\"sf-8-content descdiv\">\n\t\t\t\t\t\t\t\t\t\t\t\t<div class=\"sf-8-title\">\n\t\t\t\t\t\t\tPalma\t\t\t\t\t\t<\/div>\n\t\t\t\t\t\t\t\t\t\t\t\t\n\t\t\t\t\t\t\t\t\t\t\t<\/div>\n\t\t\t\t\t\t\t\t\t\t<div>\n\t\t\t\t\t\t<img decoding=\"async\" class=\"sf_8_img-1\" src=\"https:\/\/trazabilidad.agricultura.gob.ec\/wp-content\/uploads\/2024\/07\/palm-fruit-6863114-scaled.jpg\" alt=\"\">\n\t\t\t\t\t<\/div>\n\t\t\t\t<\/div>\n\t\t\t\t\t\t\t\t<div class=\"scroll_item sf_8_margin-1\">\n\t\t\t\t\t\t\t\t\t\t<div class=\"sf-8-content descdiv\">\n\t\t\t\t\t\t\t\t\t\t\t\t<div class=\"sf-8-title\">\n\t\t\t\t\t\t\tMadera\t\t\t\t\t\t<\/div>\n\t\t\t\t\t\t\t\t\t\t\t\t\n\t\t\t\t\t\t\t\t\t\t\t<\/div>\n\t\t\t\t\t\t\t\t\t\t<div>\n\t\t\t\t\t\t<img decoding=\"async\" class=\"sf_8_img-1\" src=\"https:\/\/trazabilidad.agricultura.gob.ec\/wp-content\/uploads\/2024\/07\/ries-bosch-zUBULxbHeCg-unsplash-scaled.jpg\" alt=\"\">\n\t\t\t\t\t<\/div>\n\t\t\t\t<\/div>\n\t\t\t\t<\/div>\n<style>\n.sf_8_margin-1 {\n\tmargin-right: 1%;\n}\n\n.infiniteslide .scroll_item {\n\tposition: relative;\n}\n\n.descdiv {\n\tposition: absolute;\n\topacity:0;\n\tbottom: 5%;\n\tcolor: #fff;\n\tpadding:5%;\n\tbackground: rgba(0,0,0,0.5);\n\twidth: 100%;\n\ttransition:all 1s;\n\tbox-sizing: border-box;\n}\n\n.infiniteslide .scroll_item .descdiv .sf-8-desc {\n\tmargin-top: 3%;\n\tmargin-bottom: 3%;\n}\n.sf_8_img-1 {\n\twidth: 400px;\n\theight: 200px;\n}\n<\/style>\n\n<\/div>\n<\/div>\n","protected":false},"excerpt":{"rendered":"","protected":false},"author":1,"featured_media":0,"parent":0,"menu_order":0,"comment_status":"closed","ping_status":"closed","template":"","meta":{"footnotes":""},"class_list":["post-1090","page","type-page","status-publish","hentry"],"_links":{"self":[{"href":"https:\/\/trazabilidad.agricultura.gob.ec\/index.php?rest_route=\/wp\/v2\/pages\/1090","targetHints":{"allow":["GET"]}}],"collection":[{"href":"https:\/\/trazabilidad.agricultura.gob.ec\/index.php?rest_route=\/wp\/v2\/pages"}],"about":[{"href":"https:\/\/trazabilidad.agricultura.gob.ec\/index.php?rest_route=\/wp\/v2\/types\/page"}],"author":[{"embeddable":true,"href":"https:\/\/trazabilidad.agricultura.gob.ec\/index.php?rest_route=\/wp\/v2\/users\/1"}],"replies":[{"embeddable":true,"href":"https:\/\/trazabilidad.agricultura.gob.ec\/index.php?rest_route=%2Fwp%2Fv2%2Fcomments&post=1090"}],"version-history":[{"count":19,"href":"https:\/\/trazabilidad.agricultura.gob.ec\/index.php?rest_route=\/wp\/v2\/pages\/1090\/revisions"}],"predecessor-version":[{"id":1293,"href":"https:\/\/trazabilidad.agricultura.gob.ec\/index.php?rest_route=\/wp\/v2\/pages\/1090\/revisions\/1293"}],"wp:attachment":[{"href":"https:\/\/trazabilidad.agricultura.gob.ec\/index.php?rest_route=%2Fwp%2Fv2%2Fmedia&parent=1090"}],"curies":[{"name":"wp","href":"https:\/\/api.w.org\/{rel}","templated":true}]}}