{"id":14,"date":"2024-07-16T14:42:33","date_gmt":"2024-07-16T19:42:33","guid":{"rendered":"https:\/\/trazabilidad.agricultura.gob.ec\/?page_id=14"},"modified":"2024-07-22T15:19:27","modified_gmt":"2024-07-22T20:19:27","slug":"noticias","status":"publish","type":"page","link":"https:\/\/trazabilidad.agricultura.gob.ec\/?page_id=14","title":{"rendered":"Noticias"},"content":{"rendered":"\n<div class=\"wp-block-columns alignwide is-layout-flex wp-container-core-columns-is-layout-28f84493 wp-block-columns-is-layout-flex\">\n<div class=\"wp-block-column is-layout-flow wp-block-column-is-layout-flow\" style=\"flex-basis:66.66%\">\n<div id=\"bdpp-post-list-1\" class=\"bdpp-wrap bdpp-lite bdpp-post-list-wrap bdpp-post-data-wrap bdpp-design-1  bdpp-clearfix\">\r\n\t<div class=\"bdpp-post-list-inr-wrap bdpp-post-data-inr-wrap bdpp-clearfix\"><div class=\"bdpp-post-list-main bdpp-post-315 bdpp-post-standard bdpp-has-thumb\">\r\n\t<div class=\"bdpp-post-list-content bdpp-clearfix\">\r\n\t\t\t\t<div class=\"bdpp-post-list-left bdpp-col-2 bdpp-columns\">\r\n\t\t\t<div class=\"bdpp-post-img-bg\">\r\n\t\t\t\t<a href=\"https:\/\/trazabilidad.agricultura.gob.ec\/?p=315\">\r\n\t\t\t\t\t<img decoding=\"async\" src=\"https:\/\/trazabilidad.agricultura.gob.ec\/wp-content\/uploads\/2024\/04\/Fotos-Noticias-07.png\" class=\"bdpp-img bdpp-post-feat-img\" alt=\"Comit\u00e9 Interinstitucional para la Producci\u00f3n y Comercializaci\u00f3n Sostenible (CIPCS).\" \/>\r\n\t\t\t\t\t\t\t\t\t<\/a>\r\n\t\t\t<\/div>\r\n\t\t<\/div>\r\n\t\t\r\n\t\t<div class=\"bdpp-post-list-right bdpp-col-2 bdpp-columns\">\r\n\t\t\t\r\n\t\t\t<h2 class=\"bdpp-post-title\">\r\n\t\t\t\t<a href=\"https:\/\/trazabilidad.agricultura.gob.ec\/?p=315\">Comit\u00e9 Interinstitucional para la Producci\u00f3n y Comercializaci\u00f3n Sostenible (CIPCS).<\/a>\r\n\t\t\t<\/h2>\r\n\r\n\t\t\t\t\t\t<div class=\"bdpp-post-meta bdpp-post-meta-up\">\r\n\t\t\t\t<span class=\"bdpp-post-meta-data bdpp-post-date\"><i class=\"fa fa-clock-o\"><\/i>8 de febrero de 2025<\/span>\t\t\t<\/div>\r\n\t\t\t\t\t\t<div class=\"bdpp-post-content\">\r\n\t\t\t\t<div class=\"bdpp-post-desc\">Quito, 08 de febrero de 2025. El 18 de febrero de 2025, se llev\u00f3 a cabo la S\u00e9ptima Sesi\u00f3n Ordinaria...<\/div>\r\n\t\t\t\t\t\t\t<\/div>\r\n\t\t\t\t\t<\/div>\r\n\t<\/div>\r\n<\/div><div class=\"bdpp-post-list-main bdpp-post-157 bdpp-post-standard bdpp-has-thumb\">\r\n\t<div class=\"bdpp-post-list-content bdpp-clearfix\">\r\n\t\t\t\t<div class=\"bdpp-post-list-left bdpp-col-2 bdpp-columns\">\r\n\t\t\t<div class=\"bdpp-post-img-bg\">\r\n\t\t\t\t<a href=\"https:\/\/trazabilidad.agricultura.gob.ec\/?p=157\">\r\n\t\t\t\t\t<img decoding=\"async\" src=\"https:\/\/trazabilidad.agricultura.gob.ec\/wp-content\/uploads\/2024\/04\/Fotos-Noticias-08.png\" class=\"bdpp-img bdpp-post-feat-img\" alt=\"Comit\u00e9 Interinstitucional impulsa acciones para fortalecer la producci\u00f3n y comercializaci\u00f3n sostenible\" \/>\r\n\t\t\t\t\t\t\t\t\t<\/a>\r\n\t\t\t<\/div>\r\n\t\t<\/div>\r\n\t\t\r\n\t\t<div class=\"bdpp-post-list-right bdpp-col-2 bdpp-columns\">\r\n\t\t\t\r\n\t\t\t<h2 class=\"bdpp-post-title\">\r\n\t\t\t\t<a href=\"https:\/\/trazabilidad.agricultura.gob.ec\/?p=157\">Comit\u00e9 Interinstitucional impulsa acciones para fortalecer la producci\u00f3n y comercializaci\u00f3n sostenible<\/a>\r\n\t\t\t<\/h2>\r\n\r\n\t\t\t\t\t\t<div class=\"bdpp-post-meta bdpp-post-meta-up\">\r\n\t\t\t\t<span class=\"bdpp-post-meta-data bdpp-post-date\"><i class=\"fa fa-clock-o\"><\/i>4 de diciembre de 2024<\/span>\t\t\t<\/div>\r\n\t\t\t\t\t\t<div class=\"bdpp-post-content\">\r\n\t\t\t\t<div class=\"bdpp-post-desc\">Quito, 04 de diciembre de 2024. En una sesi\u00f3n de trabajo clave, el Comit\u00e9 Interinstitucional para la Producci\u00f3n y Comercializaci\u00f3n...<\/div>\r\n\t\t\t\t\t\t\t<\/div>\r\n\t\t\t\t\t<\/div>\r\n\t<\/div>\r\n<\/div><div class=\"bdpp-post-list-main bdpp-post-119 bdpp-post-standard bdpp-has-thumb\">\r\n\t<div class=\"bdpp-post-list-content bdpp-clearfix\">\r\n\t\t\t\t<div class=\"bdpp-post-list-left bdpp-col-2 bdpp-columns\">\r\n\t\t\t<div class=\"bdpp-post-img-bg\">\r\n\t\t\t\t<a href=\"https:\/\/trazabilidad.agricultura.gob.ec\/?p=119\">\r\n\t\t\t\t\t<img decoding=\"async\" src=\"https:\/\/trazabilidad.agricultura.gob.ec\/wp-content\/uploads\/2024\/07\/Fotos-Noticias-04-1.png\" class=\"bdpp-img bdpp-post-feat-img\" alt=\"El cacao ecuatoriano brilla con fuerza y pasi\u00f3n: Un paso adelante hacia la trazabilidad y el \u00e9xito\" \/>\r\n\t\t\t\t\t\t\t\t\t<\/a>\r\n\t\t\t<\/div>\r\n\t\t<\/div>\r\n\t\t\r\n\t\t<div class=\"bdpp-post-list-right bdpp-col-2 bdpp-columns\">\r\n\t\t\t\r\n\t\t\t<h2 class=\"bdpp-post-title\">\r\n\t\t\t\t<a href=\"https:\/\/trazabilidad.agricultura.gob.ec\/?p=119\">El cacao ecuatoriano brilla con fuerza y pasi\u00f3n: Un paso adelante hacia la trazabilidad y el \u00e9xito<\/a>\r\n\t\t\t<\/h2>\r\n\r\n\t\t\t\t\t\t<div class=\"bdpp-post-meta bdpp-post-meta-up\">\r\n\t\t\t\t<span class=\"bdpp-post-meta-data bdpp-post-date\"><i class=\"fa fa-clock-o\"><\/i>12 de julio de 2024<\/span>\t\t\t<\/div>\r\n\t\t\t\t\t\t<div class=\"bdpp-post-content\">\r\n\t\t\t\t<div class=\"bdpp-post-desc\">Guayaquil, 12 de julio de 2024. En un evento hist\u00f3rico, la cadena productiva de cacao se uni\u00f3 para dar vida...<\/div>\r\n\t\t\t\t\t\t\t<\/div>\r\n\t\t\t\t\t<\/div>\r\n\t<\/div>\r\n<\/div><div class=\"bdpp-post-list-main bdpp-post-692 bdpp-post-standard bdpp-has-thumb\">\r\n\t<div class=\"bdpp-post-list-content bdpp-clearfix\">\r\n\t\t\t\t<div class=\"bdpp-post-list-left bdpp-col-2 bdpp-columns\">\r\n\t\t\t<div class=\"bdpp-post-img-bg\">\r\n\t\t\t\t<a href=\"https:\/\/trazabilidad.agricultura.gob.ec\/?p=692\">\r\n\t\t\t\t\t<img decoding=\"async\" src=\"https:\/\/trazabilidad.agricultura.gob.ec\/wp-content\/uploads\/2024\/07\/Fotos-Noticias-02.png\" class=\"bdpp-img bdpp-post-feat-img\" alt=\"Ecuador implementa lineamientos de trazabilidad para mejorar sus exportaciones agr\u00edcolas\" \/>\r\n\t\t\t\t\t\t\t\t\t<\/a>\r\n\t\t\t<\/div>\r\n\t\t<\/div>\r\n\t\t\r\n\t\t<div class=\"bdpp-post-list-right bdpp-col-2 bdpp-columns\">\r\n\t\t\t\r\n\t\t\t<h2 class=\"bdpp-post-title\">\r\n\t\t\t\t<a href=\"https:\/\/trazabilidad.agricultura.gob.ec\/?p=692\">Ecuador implementa lineamientos de trazabilidad para mejorar sus exportaciones agr\u00edcolas<\/a>\r\n\t\t\t<\/h2>\r\n\r\n\t\t\t\t\t\t<div class=\"bdpp-post-meta bdpp-post-meta-up\">\r\n\t\t\t\t<span class=\"bdpp-post-meta-data bdpp-post-date\"><i class=\"fa fa-clock-o\"><\/i>7 de mayo de 2024<\/span>\t\t\t<\/div>\r\n\t\t\t\t\t\t<div class=\"bdpp-post-content\">\r\n\t\t\t\t<div class=\"bdpp-post-desc\">Quito, 07 de mayo de 2024. Con el prop\u00f3sito de mejorar las exportaciones, garantizando que los productos provengan de espacios...<\/div>\r\n\t\t\t\t\t\t\t<\/div>\r\n\t\t\t\t\t<\/div>\r\n\t<\/div>\r\n<\/div>\t<\/div>\r\n\t\t<div class=\"bdpp-paging bdpp-clearfix\">\r\n\t\t<span aria-current=\"page\" class=\"page-numbers current\">1<\/span>\n<a class=\"page-numbers\" href=\"https:\/\/trazabilidad.agricultura.gob.ec\/index.php?rest_route=%2Fwp%2Fv2%2Fpages%2F14&#038;paged=2\">2<\/a>\n<a class=\"next page-numbers\" href=\"https:\/\/trazabilidad.agricultura.gob.ec\/index.php?rest_route=%2Fwp%2Fv2%2Fpages%2F14&#038;paged=2\">Next &raquo;<\/a>\t<\/div>\r\n<\/div>\n<\/div>\n\n\n\n<div class=\"wp-block-column is-layout-flow wp-block-column-is-layout-flow\">\n<div style=\"height:100px\" aria-hidden=\"true\" class=\"wp-block-spacer\"><\/div>\n<\/div>\n\n\n\n<div class=\"wp-block-column is-layout-flow wp-block-column-is-layout-flow\" style=\"flex-basis:33.33%\">\n<form data-min-no-for-search=1 data-result-box-max-height=400 data-form-id=548 class=\"is-search-form is-disable-submit is-form-style is-form-style-3 is-form-id-548 is-ajax-search\" action=\"https:\/\/trazabilidad.agricultura.gob.ec\/\" method=\"get\" role=\"search\" ><label for=\"is-search-input-548\"><span class=\"is-screen-reader-text\">Search for:<\/span><input  type=\"search\" id=\"is-search-input-548\" name=\"s\" value=\"\" class=\"is-search-input\" placeholder=\"Buscar aqu\u00ed...\" autocomplete=off \/><span class=\"is-loader-image\" style=\"display: none;background-image:url(https:\/\/trazabilidad.agricultura.gob.ec\/wp-content\/plugins\/add-search-to-menu\/public\/images\/spinner.gif);\" ><\/span><\/label><button type=\"submit\" class=\"is-search-submit\"><span class=\"is-screen-reader-text\">Search Button<\/span><span class=\"is-search-icon\"><svg focusable=\"false\" aria-label=\"Search\" xmlns=\"http:\/\/www.w3.org\/2000\/svg\" viewBox=\"0 0 24 24\" width=\"24px\"><path d=\"M15.5 14h-.79l-.28-.27C15.41 12.59 16 11.11 16 9.5 16 5.91 13.09 3 9.5 3S3 5.91 3 9.5 5.91 16 9.5 16c1.61 0 3.09-.59 4.23-1.57l.27.28v.79l5 4.99L20.49 19l-4.99-5zm-6 0C7.01 14 5 11.99 5 9.5S7.01 5 9.5 5 14 7.01 14 9.5 11.99 14 9.5 14z\"><\/path><\/svg><\/span><\/button><input type=\"hidden\" name=\"id\" value=\"548\" \/><\/form>\n\n\n\n<blockquote class=\"twitter-tweet\"><p lang=\"es\" dir=\"ltr\"><a href=\"https:\/\/twitter.com\/hashtag\/Guayas?src=hash&amp;ref_src=twsrc%5Etfw\">#Guayas<\/a> | Junto a la cadena productiva de cacao se desarroll\u00f3 la Primera Mesa T\u00e9cnica de trabajo para establecer el sistema de trazabilidad, en el marco de Acuerdo Ministerial 023. Se aclararon dudas frente a los requisitos del reglamento 115 de la Uni\u00f3n Europea y se definieron\u2026 <a href=\"https:\/\/t.co\/aDbJhu3af5\">pic.twitter.com\/aDbJhu3af5<\/a><\/p>&mdash; Agricultura y Ganader\u00eda Ecuador \ud83c\uddea\ud83c\udde8 (@AgriculturaEc) <a href=\"https:\/\/twitter.com\/AgriculturaEc\/status\/1813990780073091258?ref_src=twsrc%5Etfw\">July 18, 2024<\/a><\/blockquote> <script async src=\"https:\/\/platform.twitter.com\/widgets.js\" charset=\"utf-8\"><\/script>\n\n\n\n<figure class=\"wp-block-video\"><video height=\"720\" style=\"aspect-ratio: 1280 \/ 720;\" width=\"1280\" controls src=\"https:\/\/trazabilidad.agricultura.gob.ec\/wp-content\/uploads\/2024\/07\/An9oQBnr_UeO6a89o4omYdN4LYIi2UvVb7ZGWLv_dJYnESThCgHrr6_b6SaXvHD.mp4\"><\/video><\/figure>\n\n\n\n<figure class=\"wp-block-video\"><video height=\"720\" style=\"aspect-ratio: 1280 \/ 720;\" width=\"1280\" controls src=\"https:\/\/trazabilidad.agricultura.gob.ec\/wp-content\/uploads\/2024\/07\/An8sYO3qnEQ0sgT0ReODf8ZTE3Mevk0AZg6EqSolcsEoZWeRconl0gx_g29ZKMA.mp4\"><\/video><\/figure>\n<\/div>\n<\/div>\n\n\n\n<p><\/p>\n","protected":false},"excerpt":{"rendered":"<p>#Guayas | Junto a la cadena productiva de cacao se desarroll\u00f3 la Primera Mesa T\u00e9cnica de trabajo para establecer el sistema de trazabilidad, en el marco de Acuerdo Ministerial 023. Se aclararon dudas frente a los requisitos del reglamento 115 de la Uni\u00f3n Europea y se definieron\u2026 pic.twitter.com\/aDbJhu3af5 &mdash; Agricultura y Ganader\u00eda Ecuador \ud83c\uddea\ud83c\udde8 (@AgriculturaEc) [&hellip;]<\/p>\n","protected":false},"author":1,"featured_media":0,"parent":0,"menu_order":0,"comment_status":"closed","ping_status":"closed","template":"","meta":{"footnotes":""},"class_list":["post-14","page","type-page","status-publish","hentry"],"_links":{"self":[{"href":"https:\/\/trazabilidad.agricultura.gob.ec\/index.php?rest_route=\/wp\/v2\/pages\/14","targetHints":{"allow":["GET"]}}],"collection":[{"href":"https:\/\/trazabilidad.agricultura.gob.ec\/index.php?rest_route=\/wp\/v2\/pages"}],"about":[{"href":"https:\/\/trazabilidad.agricultura.gob.ec\/index.php?rest_route=\/wp\/v2\/types\/page"}],"author":[{"embeddable":true,"href":"https:\/\/trazabilidad.agricultura.gob.ec\/index.php?rest_route=\/wp\/v2\/users\/1"}],"replies":[{"embeddable":true,"href":"https:\/\/trazabilidad.agricultura.gob.ec\/index.php?rest_route=%2Fwp%2Fv2%2Fcomments&post=14"}],"version-history":[{"count":22,"href":"https:\/\/trazabilidad.agricultura.gob.ec\/index.php?rest_route=\/wp\/v2\/pages\/14\/revisions"}],"predecessor-version":[{"id":550,"href":"https:\/\/trazabilidad.agricultura.gob.ec\/index.php?rest_route=\/wp\/v2\/pages\/14\/revisions\/550"}],"wp:attachment":[{"href":"https:\/\/trazabilidad.agricultura.gob.ec\/index.php?rest_route=%2Fwp%2Fv2%2Fmedia&parent=14"}],"curies":[{"name":"wp","href":"https:\/\/api.w.org\/{rel}","templated":true}]}}