{"id":351,"date":"2024-07-19T11:43:48","date_gmt":"2024-07-19T16:43:48","guid":{"rendered":"https:\/\/trazabilidad.agricultura.gob.ec\/?page_id=351"},"modified":"2026-03-02T11:27:19","modified_gmt":"2026-03-02T16:27:19","slug":"herramientas-y-tecnologia","status":"publish","type":"page","link":"https:\/\/trazabilidad.agricultura.gob.ec\/?page_id=351","title":{"rendered":"Herramientas y Tecnolog\u00eda"},"content":{"rendered":"\n<div class=\"wp-block-media-text alignwide is-stacked-on-mobile is-vertically-aligned-center has-tertiary-background-color has-background\" style=\"grid-template-columns:42% auto\"><figure class=\"wp-block-media-text__media\"><img loading=\"lazy\" decoding=\"async\" width=\"1024\" height=\"596\" src=\"https:\/\/trazabilidad.agricultura.gob.ec\/wp-content\/uploads\/2024\/09\/OPERA-1024x596.png\" alt=\"\" class=\"wp-image-961 size-full\" srcset=\"https:\/\/trazabilidad.agricultura.gob.ec\/wp-content\/uploads\/2024\/09\/OPERA-1024x596.png 1024w, https:\/\/trazabilidad.agricultura.gob.ec\/wp-content\/uploads\/2024\/09\/OPERA-300x175.png 300w, https:\/\/trazabilidad.agricultura.gob.ec\/wp-content\/uploads\/2024\/09\/OPERA-768x447.png 768w, https:\/\/trazabilidad.agricultura.gob.ec\/wp-content\/uploads\/2024\/09\/OPERA-1536x894.png 1536w, https:\/\/trazabilidad.agricultura.gob.ec\/wp-content\/uploads\/2024\/09\/OPERA-2048x1192.png 2048w\" sizes=\"auto, (max-width: 1024px) 100vw, 1024px\" \/><\/figure><div class=\"wp-block-media-text__content\">\n<h2 class=\"wp-block-heading has-text-color\" style=\"color:#000000;font-size:20px\"><strong>Sistema GUIA<\/strong><span style=\"font-size: medium; white-space-collapse: collapse;\"><\/span><\/h2>\n\n\n\n<p class=\"has-text-color\" style=\"color:#000000;font-size:15px\">Sistema \u00fanico de registro de operadores (Productor, centro de acopio, industria, exportador entre otros).<\/p>\n\n\n\n<p class=\"has-text-color\" style=\"color:#000000;font-size:15px\">Plataforma que permite a cada eslab\u00f3n de la cadena productiva registrar\/reconocer su ubicaci\u00f3n, identificaci\u00f3n \u00fanica y objeto de producci\u00f3n.<\/p>\n\n\n\n<div class=\"wp-block-buttons is-content-justification-left is-layout-flex wp-container-core-buttons-is-layout-8ec70938 wp-block-buttons-is-layout-flex\" style=\"margin-top:0;margin-bottom:0\">\n<div class=\"wp-block-button has-custom-width wp-block-button__width-50 is-style-fill\"><a class=\"wp-block-button__link has-luminous-vivid-orange-background-color has-background has-custom-font-size wp-element-button\" style=\"border-style:none;border-width:0px;border-radius:0px;padding-top:var(--wp--preset--spacing--20);padding-right:0;padding-bottom:var(--wp--preset--spacing--20);padding-left:0;font-size:0.9rem\"><strong>Ver m\u00e1s<\/strong><\/a><\/div>\n<\/div>\n<\/div><\/div>\n\n\n\n<div class=\"wp-block-media-text alignwide is-stacked-on-mobile is-vertically-aligned-center has-tertiary-background-color has-background\" style=\"grid-template-columns:42% auto\"><figure class=\"wp-block-media-text__media\"><img loading=\"lazy\" decoding=\"async\" width=\"1024\" height=\"596\" src=\"https:\/\/trazabilidad.agricultura.gob.ec\/wp-content\/uploads\/2025\/03\/iGENES-TRAZA-WEB-09-1024x596.png\" alt=\"\" class=\"wp-image-1295 size-full\" srcset=\"https:\/\/trazabilidad.agricultura.gob.ec\/wp-content\/uploads\/2025\/03\/iGENES-TRAZA-WEB-09-1024x596.png 1024w, https:\/\/trazabilidad.agricultura.gob.ec\/wp-content\/uploads\/2025\/03\/iGENES-TRAZA-WEB-09-300x175.png 300w, https:\/\/trazabilidad.agricultura.gob.ec\/wp-content\/uploads\/2025\/03\/iGENES-TRAZA-WEB-09-768x447.png 768w, https:\/\/trazabilidad.agricultura.gob.ec\/wp-content\/uploads\/2025\/03\/iGENES-TRAZA-WEB-09-1536x894.png 1536w, https:\/\/trazabilidad.agricultura.gob.ec\/wp-content\/uploads\/2025\/03\/iGENES-TRAZA-WEB-09-2048x1192.png 2048w\" sizes=\"auto, (max-width: 1024px) 100vw, 1024px\" \/><\/figure><div class=\"wp-block-media-text__content\">\n<h2 class=\"wp-block-heading has-text-color\" style=\"color:#000000;font-size:20px\"><strong>M\u00f3dulo de consulta de opera<\/strong><span style=\"font-size: medium; white-space-collapse: collapse;\"><\/span><\/h2>\n\n\n\n<p class=\"has-text-color\" style=\"color:#000000;font-size:15px\">Plataforma de consulta de operadores homologados a partir de su registro oficial en el Sistema GUIA, por medio del n\u00famero \u00fanico de Identificaci\u00f3n (NUI).<\/p>\n\n\n\n<div class=\"wp-block-buttons is-layout-flex wp-block-buttons-is-layout-flex\">\n<div class=\"wp-block-button has-custom-width wp-block-button__width-50 is-style-fill\"><a class=\"wp-block-button__link has-luminous-vivid-amber-background-color has-background has-custom-font-size wp-element-button\" style=\"padding-top:var(--wp--preset--spacing--20);padding-right:0;padding-bottom:var(--wp--preset--spacing--20);padding-left:0;font-size:0.9rem\"><strong>Ver m\u00e1s<\/strong><\/a><\/div>\n<\/div>\n<\/div><\/div>\n\n\n\n<div class=\"wp-block-media-text alignwide is-stacked-on-mobile is-vertically-aligned-center has-tertiary-background-color has-background\" style=\"grid-template-columns:42% auto\"><figure class=\"wp-block-media-text__media\"><img loading=\"lazy\" decoding=\"async\" width=\"1024\" height=\"596\" src=\"https:\/\/trazabilidad.agricultura.gob.ec\/wp-content\/uploads\/2026\/03\/OPERA-2048x1192-02DDD-1024x596.png\" alt=\"\" class=\"wp-image-1338 size-full\" srcset=\"https:\/\/trazabilidad.agricultura.gob.ec\/wp-content\/uploads\/2026\/03\/OPERA-2048x1192-02DDD-1024x596.png 1024w, https:\/\/trazabilidad.agricultura.gob.ec\/wp-content\/uploads\/2026\/03\/OPERA-2048x1192-02DDD-300x175.png 300w, https:\/\/trazabilidad.agricultura.gob.ec\/wp-content\/uploads\/2026\/03\/OPERA-2048x1192-02DDD-768x447.png 768w, https:\/\/trazabilidad.agricultura.gob.ec\/wp-content\/uploads\/2026\/03\/OPERA-2048x1192-02DDD-1536x894.png 1536w, https:\/\/trazabilidad.agricultura.gob.ec\/wp-content\/uploads\/2026\/03\/OPERA-2048x1192-02DDD-2048x1192.png 2048w\" sizes=\"auto, (max-width: 1024px) 100vw, 1024px\" \/><\/figure><div class=\"wp-block-media-text__content\">\n<h2 class=\"wp-block-heading has-text-color\" style=\"color:#000000;font-size:20px\"><strong>Herramientas para el cumplimento de la EUDR 1115<\/strong><span style=\"font-size: medium; white-space-collapse: collapse;\"><\/span><\/h2>\n\n\n\n<p class=\"has-text-color\" style=\"color:#000000;font-size:15px\">Marco nacional que articula al Estado, el sector productivo y la sociedad en torno a objetivos de desarrollo sostenible. Orienta pol\u00edticas y apoyos p\u00fablicos, y ofrece al sector privado una gu\u00eda clara para identificar riesgos y aplicar medidas de mitigaci\u00f3n, fortaleciendo la competitividad y la confianza en el entorno econ\u00f3mico.<\/p>\n\n\n\n<div class=\"wp-block-buttons is-content-justification-left is-layout-flex wp-container-core-buttons-is-layout-8ec70938 wp-block-buttons-is-layout-flex\" style=\"margin-top:0;margin-bottom:0\">\n<div class=\"wp-block-button has-custom-width wp-block-button__width-50 is-style-fill\"><a class=\"wp-block-button__link has-luminous-vivid-orange-background-color has-background has-custom-font-size wp-element-button\" href=\"https:\/\/zerodeforestationhub.eu\/es\/proyectos\/safe\/ecuador\/descargas\/\" style=\"border-style:none;border-width:0px;border-radius:0px;padding-top:var(--wp--preset--spacing--20);padding-right:0;padding-bottom:var(--wp--preset--spacing--20);padding-left:0;font-size:0.9rem\"><strong>Ver m\u00e1s<\/strong><\/a><\/div>\n<\/div>\n<\/div><\/div>\n\n\n\n<div class=\"wp-block-columns alignwide is-layout-flex wp-container-core-columns-is-layout-28f84493 wp-block-columns-is-layout-flex\">\n<div class=\"wp-block-column is-layout-flow wp-block-column-is-layout-flow\">\n<script type=\"text\/javascript\">\njQuery(document).ready(function() {\n\tjQuery(function(){\n\t\tjQuery('.sf-8-1').infiniteslide({\n\t\t\t'responsive': true\t\t});\n\t});\n\n\tjQuery('.scroll_item').on('mouseenter',function(){\n\t\tjQuery(this).find('.descdiv').css({\n\t\t\topacity:1\n\t\t});\n\t\t}).on('mouseleave',function(){\n\t\tjQuery(this).find('.descdiv').css({\n\t\t\topacity:0\n\t\t});\n\t});\n});\n<\/script>\n<div class=\"infiniteslide sf-8-1\">\n\t\t\t\t\t\t<div class=\"scroll_item sf_8_margin-1\">\n\t\t\t\t\t\t\t\t\t\t<div class=\"sf-8-content descdiv\">\n\t\t\t\t\t\t\t\t\t\t\t\t<div class=\"sf-8-title\">\n\t\t\t\t\t\t\tCacao\t\t\t\t\t\t<\/div>\n\t\t\t\t\t\t\t\t\t\t\t\t\n\t\t\t\t\t\t\t\t\t\t\t<\/div>\n\t\t\t\t\t\t\t\t\t\t<div>\n\t\t\t\t\t\t<img decoding=\"async\" class=\"sf_8_img-1\" src=\"https:\/\/trazabilidad.agricultura.gob.ec\/wp-content\/uploads\/2024\/07\/cacao_restored.jpeg\" alt=\"\">\n\t\t\t\t\t<\/div>\n\t\t\t\t<\/div>\n\t\t\t\t\t\t\t\t<div class=\"scroll_item sf_8_margin-1\">\n\t\t\t\t\t\t\t\t\t\t<div class=\"sf-8-content descdiv\">\n\t\t\t\t\t\t\t\t\t\t\t\t<div class=\"sf-8-title\">\n\t\t\t\t\t\t\tCaf\u00e9\t\t\t\t\t\t<\/div>\n\t\t\t\t\t\t\t\t\t\t\t\t\n\t\t\t\t\t\t\t\t\t\t\t<\/div>\n\t\t\t\t\t\t\t\t\t\t<div>\n\t\t\t\t\t\t<img decoding=\"async\" class=\"sf_8_img-1\" src=\"https:\/\/trazabilidad.agricultura.gob.ec\/wp-content\/uploads\/2024\/07\/coffee-6632524-scaled.jpg\" alt=\"\">\n\t\t\t\t\t<\/div>\n\t\t\t\t<\/div>\n\t\t\t\t\t\t\t\t<div class=\"scroll_item sf_8_margin-1\">\n\t\t\t\t\t\t\t\t\t\t<div class=\"sf-8-content descdiv\">\n\t\t\t\t\t\t\t\t\t\t\t\t<div class=\"sf-8-title\">\n\t\t\t\t\t\t\tPalma\t\t\t\t\t\t<\/div>\n\t\t\t\t\t\t\t\t\t\t\t\t\n\t\t\t\t\t\t\t\t\t\t\t<\/div>\n\t\t\t\t\t\t\t\t\t\t<div>\n\t\t\t\t\t\t<img decoding=\"async\" class=\"sf_8_img-1\" src=\"https:\/\/trazabilidad.agricultura.gob.ec\/wp-content\/uploads\/2024\/07\/palm-fruit-6863114-scaled.jpg\" alt=\"\">\n\t\t\t\t\t<\/div>\n\t\t\t\t<\/div>\n\t\t\t\t\t\t\t\t<div class=\"scroll_item sf_8_margin-1\">\n\t\t\t\t\t\t\t\t\t\t<div class=\"sf-8-content descdiv\">\n\t\t\t\t\t\t\t\t\t\t\t\t<div class=\"sf-8-title\">\n\t\t\t\t\t\t\tMadera\t\t\t\t\t\t<\/div>\n\t\t\t\t\t\t\t\t\t\t\t\t\n\t\t\t\t\t\t\t\t\t\t\t<\/div>\n\t\t\t\t\t\t\t\t\t\t<div>\n\t\t\t\t\t\t<img decoding=\"async\" class=\"sf_8_img-1\" src=\"https:\/\/trazabilidad.agricultura.gob.ec\/wp-content\/uploads\/2024\/07\/ries-bosch-zUBULxbHeCg-unsplash-scaled.jpg\" alt=\"\">\n\t\t\t\t\t<\/div>\n\t\t\t\t<\/div>\n\t\t\t\t<\/div>\n<style>\n.sf_8_margin-1 {\n\tmargin-right: 1%;\n}\n\n.infiniteslide .scroll_item {\n\tposition: relative;\n}\n\n.descdiv {\n\tposition: absolute;\n\topacity:0;\n\tbottom: 5%;\n\tcolor: #fff;\n\tpadding:5%;\n\tbackground: rgba(0,0,0,0.5);\n\twidth: 100%;\n\ttransition:all 1s;\n\tbox-sizing: border-box;\n}\n\n.infiniteslide .scroll_item .descdiv .sf-8-desc {\n\tmargin-top: 3%;\n\tmargin-bottom: 3%;\n}\n.sf_8_img-1 {\n\twidth: 400px;\n\theight: 200px;\n}\n<\/style>\n\n<\/div>\n<\/div>\n","protected":false},"excerpt":{"rendered":"","protected":false},"author":1,"featured_media":0,"parent":0,"menu_order":0,"comment_status":"closed","ping_status":"closed","template":"","meta":{"footnotes":""},"class_list":["post-351","page","type-page","status-publish","hentry"],"_links":{"self":[{"href":"https:\/\/trazabilidad.agricultura.gob.ec\/index.php?rest_route=\/wp\/v2\/pages\/351","targetHints":{"allow":["GET"]}}],"collection":[{"href":"https:\/\/trazabilidad.agricultura.gob.ec\/index.php?rest_route=\/wp\/v2\/pages"}],"about":[{"href":"https:\/\/trazabilidad.agricultura.gob.ec\/index.php?rest_route=\/wp\/v2\/types\/page"}],"author":[{"embeddable":true,"href":"https:\/\/trazabilidad.agricultura.gob.ec\/index.php?rest_route=\/wp\/v2\/users\/1"}],"replies":[{"embeddable":true,"href":"https:\/\/trazabilidad.agricultura.gob.ec\/index.php?rest_route=%2Fwp%2Fv2%2Fcomments&post=351"}],"version-history":[{"count":24,"href":"https:\/\/trazabilidad.agricultura.gob.ec\/index.php?rest_route=\/wp\/v2\/pages\/351\/revisions"}],"predecessor-version":[{"id":1339,"href":"https:\/\/trazabilidad.agricultura.gob.ec\/index.php?rest_route=\/wp\/v2\/pages\/351\/revisions\/1339"}],"wp:attachment":[{"href":"https:\/\/trazabilidad.agricultura.gob.ec\/index.php?rest_route=%2Fwp%2Fv2%2Fmedia&parent=351"}],"curies":[{"name":"wp","href":"https:\/\/api.w.org\/{rel}","templated":true}]}}