{"id":360,"date":"2024-07-19T11:47:13","date_gmt":"2024-07-19T16:47:13","guid":{"rendered":"https:\/\/trazabilidad.agricultura.gob.ec\/?page_id=360"},"modified":"2025-03-23T22:58:36","modified_gmt":"2025-03-24T03:58:36","slug":"casos-de-exito","status":"publish","type":"page","link":"https:\/\/trazabilidad.agricultura.gob.ec\/?page_id=360","title":{"rendered":"Casos de \u00c9xito"},"content":{"rendered":"\n<div class=\"wp-block-media-text alignwide is-stacked-on-mobile is-vertically-aligned-center has-tertiary-background-color has-background\" style=\"grid-template-columns:42% auto\"><figure class=\"wp-block-media-text__media\"><img loading=\"lazy\" decoding=\"async\" width=\"1024\" height=\"596\" src=\"https:\/\/trazabilidad.agricultura.gob.ec\/wp-content\/uploads\/2024\/07\/imagenes-trazabilidad-04-1024x596.png\" alt=\"\" class=\"wp-image-879 size-full\" srcset=\"https:\/\/trazabilidad.agricultura.gob.ec\/wp-content\/uploads\/2024\/07\/imagenes-trazabilidad-04-1024x596.png 1024w, https:\/\/trazabilidad.agricultura.gob.ec\/wp-content\/uploads\/2024\/07\/imagenes-trazabilidad-04-300x174.png 300w, https:\/\/trazabilidad.agricultura.gob.ec\/wp-content\/uploads\/2024\/07\/imagenes-trazabilidad-04-768x447.png 768w, https:\/\/trazabilidad.agricultura.gob.ec\/wp-content\/uploads\/2024\/07\/imagenes-trazabilidad-04-1536x893.png 1536w, https:\/\/trazabilidad.agricultura.gob.ec\/wp-content\/uploads\/2024\/07\/imagenes-trazabilidad-04-2048x1191.png 2048w\" sizes=\"auto, (max-width: 1024px) 100vw, 1024px\" \/><\/figure><div class=\"wp-block-media-text__content\">\n<h2 class=\"wp-block-heading has-text-color\" style=\"color:#000000;font-size:20px\"><strong>Kallari<\/strong><span style=\"font-size: medium; white-space-collapse: collapse;\"><\/span><\/h2>\n\n\n\n<p class=\"has-text-color\" style=\"color:#000000;font-size:15px\"><em>Kallari es una asociaci\u00f3n conformada por 850 productores en su mayor\u00eda familias kichwas de 21 comunidades del Cant\u00f3n Tena, Provincia de Napo de la Regi\u00f3n Amaz\u00f3nica Ecuatoriana; que producen, procesan y comercializan productos agr\u00edcolas de la chackra de manera sostenible; mejorando las condiciones de vida de los asociados, conservando la biodiversidad natural y cultural.<\/em><\/p>\n\n\n\n<div class=\"wp-block-buttons is-content-justification-left is-layout-flex wp-container-core-buttons-is-layout-8ec70938 wp-block-buttons-is-layout-flex\" style=\"margin-top:0;margin-bottom:0\">\n<div class=\"wp-block-button has-custom-width wp-block-button__width-50 has-custom-font-size is-style-fill\" style=\"font-size:0.9rem\"><a class=\"wp-block-button__link has-luminous-vivid-orange-background-color has-background wp-element-button\" href=\"https:\/\/trazabilidad.agricultura.gob.ec\/?p=1262\" style=\"border-style:none;border-width:0px;border-radius:0px;padding-top:var(--wp--preset--spacing--20);padding-right:0;padding-bottom:var(--wp--preset--spacing--20);padding-left:0\"><strong>Ver m\u00e1s<\/strong><\/a><\/div>\n<\/div>\n<\/div><\/div>\n\n\n\n<div class=\"wp-block-media-text alignwide is-stacked-on-mobile is-vertically-aligned-center has-tertiary-background-color has-background\" style=\"grid-template-columns:42% auto\"><figure class=\"wp-block-media-text__media\"><img loading=\"lazy\" decoding=\"async\" width=\"1024\" height=\"596\" src=\"https:\/\/trazabilidad.agricultura.gob.ec\/wp-content\/uploads\/2024\/07\/imagenes-trazabilidad-03-1024x596.png\" alt=\"\" class=\"wp-image-880 size-full\" srcset=\"https:\/\/trazabilidad.agricultura.gob.ec\/wp-content\/uploads\/2024\/07\/imagenes-trazabilidad-03-1024x596.png 1024w, https:\/\/trazabilidad.agricultura.gob.ec\/wp-content\/uploads\/2024\/07\/imagenes-trazabilidad-03-300x174.png 300w, https:\/\/trazabilidad.agricultura.gob.ec\/wp-content\/uploads\/2024\/07\/imagenes-trazabilidad-03-768x447.png 768w, https:\/\/trazabilidad.agricultura.gob.ec\/wp-content\/uploads\/2024\/07\/imagenes-trazabilidad-03-1536x893.png 1536w, https:\/\/trazabilidad.agricultura.gob.ec\/wp-content\/uploads\/2024\/07\/imagenes-trazabilidad-03-2048x1191.png 2048w\" sizes=\"auto, (max-width: 1024px) 100vw, 1024px\" \/><\/figure><div class=\"wp-block-media-text__content\">\n<h2 class=\"wp-block-heading has-text-color\" style=\"color:#000000;font-size:20px\"><strong><strong>ACRM<\/strong><\/strong> \/ <strong>APECAP<\/strong> \/ <strong>FAPECAFES<\/strong><span style=\"font-size: medium; white-space-collapse: collapse;\"><\/span><\/h2>\n\n\n\n<p class=\"has-text-color\" style=\"color:#000000;font-size:15px\"><em>17 toneladas de caf\u00e9 ecuatoriano org\u00e1nico y libre de deforestaci\u00f3n llegan a Italia<\/em><\/p>\n\n\n\n<p><\/p>\n\n\n\n<div class=\"wp-block-buttons is-layout-flex wp-block-buttons-is-layout-flex\">\n<div class=\"wp-block-button has-custom-width wp-block-button__width-50 has-custom-font-size is-style-fill\" style=\"font-size:0.9rem\"><a class=\"wp-block-button__link has-luminous-vivid-amber-background-color has-background wp-element-button\" href=\"https:\/\/trazabilidad.agricultura.gob.ec\/?p=1267\" style=\"padding-top:var(--wp--preset--spacing--20);padding-right:0;padding-bottom:var(--wp--preset--spacing--20);padding-left:0\"><strong>Ver m\u00e1s<\/strong><\/a><\/div>\n<\/div>\n<\/div><\/div>\n\n\n\n<div class=\"wp-block-media-text alignwide is-stacked-on-mobile is-vertically-aligned-center has-tertiary-background-color has-background\" style=\"grid-template-columns:42% auto\"><figure class=\"wp-block-media-text__media\"><img loading=\"lazy\" decoding=\"async\" width=\"1024\" height=\"596\" src=\"https:\/\/trazabilidad.agricultura.gob.ec\/wp-content\/uploads\/2024\/07\/imagenes-trazabilidad-06-1024x596.png\" alt=\"\" class=\"wp-image-877 size-full\" srcset=\"https:\/\/trazabilidad.agricultura.gob.ec\/wp-content\/uploads\/2024\/07\/imagenes-trazabilidad-06-1024x596.png 1024w, https:\/\/trazabilidad.agricultura.gob.ec\/wp-content\/uploads\/2024\/07\/imagenes-trazabilidad-06-300x174.png 300w, https:\/\/trazabilidad.agricultura.gob.ec\/wp-content\/uploads\/2024\/07\/imagenes-trazabilidad-06-768x447.png 768w, https:\/\/trazabilidad.agricultura.gob.ec\/wp-content\/uploads\/2024\/07\/imagenes-trazabilidad-06-1536x893.png 1536w, https:\/\/trazabilidad.agricultura.gob.ec\/wp-content\/uploads\/2024\/07\/imagenes-trazabilidad-06-2048x1191.png 2048w\" sizes=\"auto, (max-width: 1024px) 100vw, 1024px\" \/><\/figure><div class=\"wp-block-media-text__content\">\n<h2 class=\"wp-block-heading has-text-color\" style=\"color:#000000;font-size:20px\">PROPALMA<span style=\"font-size: medium; white-space-collapse: collapse;\"><\/span><\/h2>\n\n\n\n<p class=\"has-text-color\" style=\"color:#000000;font-size:15px\"><em>Trabajar unidos con responsabilidad y transparencia en beneficio de los agricultores, extractoras e industriales de la palma de aceite aportando al desarrollo del Ecuador.<\/em><\/p>\n\n\n\n<p><\/p>\n\n\n\n<div class=\"wp-block-buttons is-layout-flex wp-block-buttons-is-layout-flex\">\n<div class=\"wp-block-button has-custom-width wp-block-button__width-50 has-custom-font-size is-style-fill\" style=\"font-size:0.9rem\"><a class=\"wp-block-button__link has-background wp-element-button\" href=\"https:\/\/trazabilidad.agricultura.gob.ec\/?p=1270\" style=\"background-color:#cf592d;padding-top:var(--wp--preset--spacing--20);padding-right:0;padding-bottom:var(--wp--preset--spacing--20);padding-left:0\"><strong>Ver m\u00e1s<\/strong><\/a><\/div>\n<\/div>\n<\/div><\/div>\n\n\n\n<div class=\"wp-block-columns alignwide is-layout-flex wp-container-core-columns-is-layout-28f84493 wp-block-columns-is-layout-flex\">\n<div class=\"wp-block-column is-layout-flow wp-block-column-is-layout-flow\">\n<script type=\"text\/javascript\">\njQuery(document).ready(function() {\n\tjQuery(function(){\n\t\tjQuery('.sf-8-1').infiniteslide({\n\t\t\t'responsive': true\t\t});\n\t});\n\n\tjQuery('.scroll_item').on('mouseenter',function(){\n\t\tjQuery(this).find('.descdiv').css({\n\t\t\topacity:1\n\t\t});\n\t\t}).on('mouseleave',function(){\n\t\tjQuery(this).find('.descdiv').css({\n\t\t\topacity:0\n\t\t});\n\t});\n});\n<\/script>\n<div class=\"infiniteslide sf-8-1\">\n\t\t\t\t\t\t<div class=\"scroll_item sf_8_margin-1\">\n\t\t\t\t\t\t\t\t\t\t<div class=\"sf-8-content descdiv\">\n\t\t\t\t\t\t\t\t\t\t\t\t<div class=\"sf-8-title\">\n\t\t\t\t\t\t\tCacao\t\t\t\t\t\t<\/div>\n\t\t\t\t\t\t\t\t\t\t\t\t\n\t\t\t\t\t\t\t\t\t\t\t<\/div>\n\t\t\t\t\t\t\t\t\t\t<div>\n\t\t\t\t\t\t<img decoding=\"async\" class=\"sf_8_img-1\" src=\"https:\/\/trazabilidad.agricultura.gob.ec\/wp-content\/uploads\/2024\/07\/cacao_restored.jpeg\" alt=\"\">\n\t\t\t\t\t<\/div>\n\t\t\t\t<\/div>\n\t\t\t\t\t\t\t\t<div class=\"scroll_item sf_8_margin-1\">\n\t\t\t\t\t\t\t\t\t\t<div class=\"sf-8-content descdiv\">\n\t\t\t\t\t\t\t\t\t\t\t\t<div class=\"sf-8-title\">\n\t\t\t\t\t\t\tCaf\u00e9\t\t\t\t\t\t<\/div>\n\t\t\t\t\t\t\t\t\t\t\t\t\n\t\t\t\t\t\t\t\t\t\t\t<\/div>\n\t\t\t\t\t\t\t\t\t\t<div>\n\t\t\t\t\t\t<img decoding=\"async\" class=\"sf_8_img-1\" src=\"https:\/\/trazabilidad.agricultura.gob.ec\/wp-content\/uploads\/2024\/07\/coffee-6632524-scaled.jpg\" alt=\"\">\n\t\t\t\t\t<\/div>\n\t\t\t\t<\/div>\n\t\t\t\t\t\t\t\t<div class=\"scroll_item sf_8_margin-1\">\n\t\t\t\t\t\t\t\t\t\t<div class=\"sf-8-content descdiv\">\n\t\t\t\t\t\t\t\t\t\t\t\t<div class=\"sf-8-title\">\n\t\t\t\t\t\t\tPalma\t\t\t\t\t\t<\/div>\n\t\t\t\t\t\t\t\t\t\t\t\t\n\t\t\t\t\t\t\t\t\t\t\t<\/div>\n\t\t\t\t\t\t\t\t\t\t<div>\n\t\t\t\t\t\t<img decoding=\"async\" class=\"sf_8_img-1\" src=\"https:\/\/trazabilidad.agricultura.gob.ec\/wp-content\/uploads\/2024\/07\/palm-fruit-6863114-scaled.jpg\" alt=\"\">\n\t\t\t\t\t<\/div>\n\t\t\t\t<\/div>\n\t\t\t\t\t\t\t\t<div class=\"scroll_item sf_8_margin-1\">\n\t\t\t\t\t\t\t\t\t\t<div class=\"sf-8-content descdiv\">\n\t\t\t\t\t\t\t\t\t\t\t\t<div class=\"sf-8-title\">\n\t\t\t\t\t\t\tMadera\t\t\t\t\t\t<\/div>\n\t\t\t\t\t\t\t\t\t\t\t\t\n\t\t\t\t\t\t\t\t\t\t\t<\/div>\n\t\t\t\t\t\t\t\t\t\t<div>\n\t\t\t\t\t\t<img decoding=\"async\" class=\"sf_8_img-1\" src=\"https:\/\/trazabilidad.agricultura.gob.ec\/wp-content\/uploads\/2024\/07\/ries-bosch-zUBULxbHeCg-unsplash-scaled.jpg\" alt=\"\">\n\t\t\t\t\t<\/div>\n\t\t\t\t<\/div>\n\t\t\t\t<\/div>\n<style>\n.sf_8_margin-1 {\n\tmargin-right: 1%;\n}\n\n.infiniteslide .scroll_item {\n\tposition: relative;\n}\n\n.descdiv {\n\tposition: absolute;\n\topacity:0;\n\tbottom: 5%;\n\tcolor: #fff;\n\tpadding:5%;\n\tbackground: rgba(0,0,0,0.5);\n\twidth: 100%;\n\ttransition:all 1s;\n\tbox-sizing: border-box;\n}\n\n.infiniteslide .scroll_item .descdiv .sf-8-desc {\n\tmargin-top: 3%;\n\tmargin-bottom: 3%;\n}\n.sf_8_img-1 {\n\twidth: 400px;\n\theight: 200px;\n}\n<\/style>\n\n<\/div>\n<\/div>\n","protected":false},"excerpt":{"rendered":"","protected":false},"author":1,"featured_media":0,"parent":0,"menu_order":0,"comment_status":"closed","ping_status":"closed","template":"","meta":{"footnotes":""},"class_list":["post-360","page","type-page","status-publish","hentry"],"_links":{"self":[{"href":"https:\/\/trazabilidad.agricultura.gob.ec\/index.php?rest_route=\/wp\/v2\/pages\/360","targetHints":{"allow":["GET"]}}],"collection":[{"href":"https:\/\/trazabilidad.agricultura.gob.ec\/index.php?rest_route=\/wp\/v2\/pages"}],"about":[{"href":"https:\/\/trazabilidad.agricultura.gob.ec\/index.php?rest_route=\/wp\/v2\/types\/page"}],"author":[{"embeddable":true,"href":"https:\/\/trazabilidad.agricultura.gob.ec\/index.php?rest_route=\/wp\/v2\/users\/1"}],"replies":[{"embeddable":true,"href":"https:\/\/trazabilidad.agricultura.gob.ec\/index.php?rest_route=%2Fwp%2Fv2%2Fcomments&post=360"}],"version-history":[{"count":92,"href":"https:\/\/trazabilidad.agricultura.gob.ec\/index.php?rest_route=\/wp\/v2\/pages\/360\/revisions"}],"predecessor-version":[{"id":1274,"href":"https:\/\/trazabilidad.agricultura.gob.ec\/index.php?rest_route=\/wp\/v2\/pages\/360\/revisions\/1274"}],"wp:attachment":[{"href":"https:\/\/trazabilidad.agricultura.gob.ec\/index.php?rest_route=%2Fwp%2Fv2%2Fmedia&parent=360"}],"curies":[{"name":"wp","href":"https:\/\/api.w.org\/{rel}","templated":true}]}}